{"id":8865,"date":"2020-09-21T12:42:51","date_gmt":"2020-09-21T09:42:51","guid":{"rendered":"http:\/\/test.muk.training\/?page_id=8865"},"modified":"2022-02-04T17:23:09","modified_gmt":"2022-02-04T14:23:09","slug":"zayavka-na-obuchenie","status":"publish","type":"page","link":"https:\/\/muk.training\/AZ\/zayavka-na-obuchenie\/","title":{"rendered":"T\u0259dris \u00fc\u00e7\u00fcn m\u00fcraci\u0259t"},"content":{"rendered":"","protected":false},"excerpt":{"rendered":"","protected":false},"author":10,"featured_media":0,"parent":0,"menu_order":0,"comment_status":"closed","ping_status":"closed","template":"course-register.php","meta":{"footnotes":""},"toolset-meta":{"kursy-daty-provedeniya":[]},"_links":{"self":[{"href":"https:\/\/muk.training\/AZ\/wp-json\/wp\/v2\/pages\/8865"}],"collection":[{"href":"https:\/\/muk.training\/AZ\/wp-json\/wp\/v2\/pages"}],"about":[{"href":"https:\/\/muk.training\/AZ\/wp-json\/wp\/v2\/types\/page"}],"author":[{"embeddable":true,"href":"https:\/\/muk.training\/AZ\/wp-json\/wp\/v2\/users\/10"}],"replies":[{"embeddable":true,"href":"https:\/\/muk.training\/AZ\/wp-json\/wp\/v2\/comments?post=8865"}],"version-history":[{"count":1,"href":"https:\/\/muk.training\/AZ\/wp-json\/wp\/v2\/pages\/8865\/revisions"}],"predecessor-version":[{"id":15359,"href":"https:\/\/muk.training\/AZ\/wp-json\/wp\/v2\/pages\/8865\/revisions\/15359"}],"wp:attachment":[{"href":"https:\/\/muk.training\/AZ\/wp-json\/wp\/v2\/media?parent=8865"}],"curies":[{"name":"wp","href":"https:\/\/api.w.org\/{rel}","templated":true}]}}